{"id":23,"date":"2022-12-11T17:19:33","date_gmt":"2022-12-11T17:19:33","guid":{"rendered":"https:\/\/avantelgbt.com\/?page_id=23"},"modified":"2025-09-18T23:51:09","modified_gmt":"2025-09-18T23:51:09","slug":"fanzines","status":"publish","type":"page","link":"https:\/\/avantelgbt.com\/index.php\/fanzines\/","title":{"rendered":"Fanzines"},"content":{"rendered":"\n<p>Desde a s\u00faa fundaci\u00f3n, Avante LGBT+ ten producido varias publicaci\u00f3ns sobre sobre tem\u00e1ticas v\u00ednculadas ao colectivo LGBT+ e outras loitas interseccionais. Aqu\u00ed podes descargalas de forma totalmente gratu\u00edta.<\/p>\n\n\n\n<div class=\"wp-block-media-text alignwide is-stacked-on-mobile\" style=\"grid-template-columns:31% auto\"><figure class=\"wp-block-media-text__media\"><img loading=\"lazy\" decoding=\"async\" width=\"1414\" height=\"2000\" src=\"https:\/\/avantelgbt.com\/wp-content\/uploads\/2022\/12\/Fanzine-0.png\" alt=\"\" class=\"wp-image-94 size-full\" srcset=\"https:\/\/avantelgbt.com\/wp-content\/uploads\/2022\/12\/Fanzine-0.png 1414w, https:\/\/avantelgbt.com\/wp-content\/uploads\/2022\/12\/Fanzine-0-212x300.png 212w, https:\/\/avantelgbt.com\/wp-content\/uploads\/2022\/12\/Fanzine-0-724x1024.png 724w, https:\/\/avantelgbt.com\/wp-content\/uploads\/2022\/12\/Fanzine-0-768x1086.png 768w, https:\/\/avantelgbt.com\/wp-content\/uploads\/2022\/12\/Fanzine-0-1086x1536.png 1086w, https:\/\/avantelgbt.com\/wp-content\/uploads\/2022\/12\/Fanzine-0-600x849.png 600w\" sizes=\"auto, (max-width: 1414px) 100vw, 1414px\" \/><\/figure><div class=\"wp-block-media-text__content\">\n<h2 class=\"wp-block-heading\">Fanzine 0: Benvida a Avante LGBT+<\/h2>\n\n\n\n<p>Gu\u00eda pr\u00e1ctica para toda nova integrante na organizaci\u00f3n, incl\u00fae unha breve historia de Avante, como funciona a organizaci\u00f3n, e informaci\u00f3n relevante para xente que entra a militar nun espazo organizado por primeira vez.<\/p>\n\n\n\n<div class=\"wp-block-buttons is-layout-flex wp-block-buttons-is-layout-flex\">\n<div class=\"wp-block-button\"><a class=\"wp-block-button__link wp-element-button\" href=\"https:\/\/drive.google.com\/file\/d\/1Mw3lg9vVhNqU2aS0V-B-_9RqJGgsxexp\/view?usp=share_link\" target=\"_blank\" rel=\"noreferrer noopener\">Descarga imprimible<\/a><\/div>\n<\/div>\n<\/div><\/div>\n\n\n\n<div class=\"wp-block-media-text alignwide is-stacked-on-mobile\" style=\"grid-template-columns:31% auto\"><figure class=\"wp-block-media-text__media\"><img loading=\"lazy\" decoding=\"async\" width=\"724\" height=\"1024\" src=\"https:\/\/avantelgbt.com\/wp-content\/uploads\/2025\/08\/Teses-avante-2024_page-0001-724x1024.jpg\" alt=\"\" class=\"wp-image-429 size-full\" srcset=\"https:\/\/avantelgbt.com\/wp-content\/uploads\/2025\/08\/Teses-avante-2024_page-0001-724x1024.jpg 724w, https:\/\/avantelgbt.com\/wp-content\/uploads\/2025\/08\/Teses-avante-2024_page-0001-212x300.jpg 212w, https:\/\/avantelgbt.com\/wp-content\/uploads\/2025\/08\/Teses-avante-2024_page-0001-768x1086.jpg 768w, https:\/\/avantelgbt.com\/wp-content\/uploads\/2025\/08\/Teses-avante-2024_page-0001-1086x1536.jpg 1086w, https:\/\/avantelgbt.com\/wp-content\/uploads\/2025\/08\/Teses-avante-2024_page-0001-600x849.jpg 600w, https:\/\/avantelgbt.com\/wp-content\/uploads\/2025\/08\/Teses-avante-2024_page-0001.jpg 1241w\" sizes=\"auto, (max-width: 724px) 100vw, 724px\" \/><\/figure><div class=\"wp-block-media-text__content\">\n<h2 class=\"wp-block-heading\">Teses Avante LGBT+ IV AN<\/h2>\n\n\n\n<p>Texto aprobado na IV Asemblea Nacional que define as bases pol\u00edticas, ideol\u00f3xicas e organizativas de Avante LGBT+. Recolle a an\u00e1lise da realidade, os principios que gu\u00edan a nosa loita e o modelo de funcionamento interno, constitu\u00edndo o marco de referencia para toda a actividade da organizaci\u00f3n.<\/p>\n\n\n\n<div class=\"wp-block-buttons is-layout-flex wp-block-buttons-is-layout-flex\">\n<div class=\"wp-block-button\"><a class=\"wp-block-button__link wp-element-button\" href=\"https:\/\/drive.google.com\/file\/d\/1BXpMssUn-D7VQXOd3sqQ9cW8gfjAsR32\/view?usp=sharing\" target=\"_blank\" rel=\"noreferrer noopener\">Versi\u00f3n dixital<\/a><\/div>\n<\/div>\n<\/div><\/div>\n\n\n\n<div class=\"wp-block-media-text alignwide is-stacked-on-mobile\" style=\"grid-template-columns:31% auto\"><figure class=\"wp-block-media-text__media\"><img loading=\"lazy\" decoding=\"async\" width=\"724\" height=\"1024\" src=\"https:\/\/avantelgbt.com\/wp-content\/uploads\/2025\/09\/Fanzine-Homonacionalismo-1_page-0001-724x1024.jpg\" alt=\"\" class=\"wp-image-469 size-full\" srcset=\"https:\/\/avantelgbt.com\/wp-content\/uploads\/2025\/09\/Fanzine-Homonacionalismo-1_page-0001-724x1024.jpg 724w, https:\/\/avantelgbt.com\/wp-content\/uploads\/2025\/09\/Fanzine-Homonacionalismo-1_page-0001-212x300.jpg 212w, https:\/\/avantelgbt.com\/wp-content\/uploads\/2025\/09\/Fanzine-Homonacionalismo-1_page-0001-768x1086.jpg 768w, https:\/\/avantelgbt.com\/wp-content\/uploads\/2025\/09\/Fanzine-Homonacionalismo-1_page-0001-1086x1536.jpg 1086w, https:\/\/avantelgbt.com\/wp-content\/uploads\/2025\/09\/Fanzine-Homonacionalismo-1_page-0001-600x849.jpg 600w, https:\/\/avantelgbt.com\/wp-content\/uploads\/2025\/09\/Fanzine-Homonacionalismo-1_page-0001.jpg 1241w\" sizes=\"auto, (max-width: 724px) 100vw, 724px\" \/><\/figure><div class=\"wp-block-media-text__content\">\n<h2 class=\"wp-block-heading\">Fanzine 3: Contra o homonacionalismo<\/h2>\n\n\n\n<p>Publicaci\u00f3n que analiza o homonacionalismo como estratexia pol\u00edtica que instrumentaliza os dereitos LGBT+ para xustificar discursos racistas, xen\u00f3fobos e imperialistas. Aborda conceptos como a necropol\u00edtica, o pinkwashing, a islamofobia ou a cishomonormatividade.<\/p>\n\n\n\n<div class=\"wp-block-buttons is-layout-flex wp-block-buttons-is-layout-flex\">\n<div class=\"wp-block-button\"><a class=\"wp-block-button__link wp-element-button\" href=\"https:\/\/drive.google.com\/file\/d\/1pt1bdOdoxTXZhEYSBqZ_bvoledwdFt48\/view?usp=drive_link\" target=\"_blank\" rel=\"noreferrer noopener\">Versi\u00f3n dixital<\/a><\/div>\n<\/div>\n<\/div><\/div>\n\n\n\n<div class=\"wp-block-media-text alignwide is-stacked-on-mobile\" style=\"grid-template-columns:31% auto\"><figure class=\"wp-block-media-text__media\"><img loading=\"lazy\" decoding=\"async\" width=\"722\" height=\"1024\" src=\"https:\/\/avantelgbt.com\/wp-content\/uploads\/2025\/08\/edicion-2-memoria-vertical-722x1024.png\" alt=\"\" class=\"wp-image-432 size-full\" srcset=\"https:\/\/avantelgbt.com\/wp-content\/uploads\/2025\/08\/edicion-2-memoria-vertical-722x1024.png 722w, https:\/\/avantelgbt.com\/wp-content\/uploads\/2025\/08\/edicion-2-memoria-vertical-212x300.png 212w, https:\/\/avantelgbt.com\/wp-content\/uploads\/2025\/08\/edicion-2-memoria-vertical-768x1089.png 768w, https:\/\/avantelgbt.com\/wp-content\/uploads\/2025\/08\/edicion-2-memoria-vertical-1083x1536.png 1083w, https:\/\/avantelgbt.com\/wp-content\/uploads\/2025\/08\/edicion-2-memoria-vertical-600x851.png 600w, https:\/\/avantelgbt.com\/wp-content\/uploads\/2025\/08\/edicion-2-memoria-vertical.png 1410w\" sizes=\"auto, (max-width: 722px) 100vw, 722px\" \/><\/figure><div class=\"wp-block-media-text__content\">\n<h2 class=\"wp-block-heading\">Memoria LGBT+ Vigo. Gu\u00eda roteiro desviado polo Casco Vello<\/h2>\n\n\n\n<p>Publicaci\u00f3n que recolle dez paradas chave na historia e memoria cuir da cidade ol\u00edvica, enmarcadas no contexto hist\u00f3rico e cultural galego, e que representan fitos e eventos significativos para a comunidade LGBT+.<\/p>\n\n\n\n<div class=\"wp-block-buttons is-layout-flex wp-block-buttons-is-layout-flex\">\n<div class=\"wp-block-button\"><a class=\"wp-block-button__link wp-element-button\" href=\"https:\/\/drive.google.com\/file\/d\/1DahAU5Sl4anWP9FXMj3B996Di0yDhaZC\/view?usp=sharing\" target=\"_blank\" rel=\"noreferrer noopener\">Descarga imprimible<\/a><\/div>\n<\/div>\n<\/div><\/div>\n\n\n\n<div class=\"wp-block-media-text alignwide is-stacked-on-mobile\" style=\"grid-template-columns:31% auto\"><figure class=\"wp-block-media-text__media\"><img loading=\"lazy\" decoding=\"async\" width=\"724\" height=\"1024\" src=\"http:\/\/avantelgbt.com\/wp-content\/uploads\/2023\/03\/Fanzine-Antipunitivismo-724x1024.png\" alt=\"portada dofanzine 2 antipunitivismo e xustiza restaurativa\" class=\"wp-image-136 size-full\" srcset=\"https:\/\/avantelgbt.com\/wp-content\/uploads\/2023\/03\/Fanzine-Antipunitivismo-724x1024.png 724w, https:\/\/avantelgbt.com\/wp-content\/uploads\/2023\/03\/Fanzine-Antipunitivismo-212x300.png 212w, https:\/\/avantelgbt.com\/wp-content\/uploads\/2023\/03\/Fanzine-Antipunitivismo-768x1086.png 768w, https:\/\/avantelgbt.com\/wp-content\/uploads\/2023\/03\/Fanzine-Antipunitivismo-1086x1536.png 1086w, https:\/\/avantelgbt.com\/wp-content\/uploads\/2023\/03\/Fanzine-Antipunitivismo-600x849.png 600w, https:\/\/avantelgbt.com\/wp-content\/uploads\/2023\/03\/Fanzine-Antipunitivismo.png 1414w\" sizes=\"auto, (max-width: 724px) 100vw, 724px\" \/><\/figure><div class=\"wp-block-media-text__content\">\n<h2 class=\"wp-block-heading\">Antipunitivismo e xustiza restaurativa: que tipo de xustiza queremos?<\/h2>\n\n\n\n<p>Escolma de textos de distintas te\u00f3ricas antipunitivistas traducidos ao galego. Incl\u00faense preguntas para animar a reflexi\u00f3n e xerar debate, facendo deste texto unha potente ferramenta educativa.<\/p>\n\n\n\n<div class=\"wp-block-buttons is-layout-flex wp-block-buttons-is-layout-flex\">\n<div class=\"wp-block-button\"><a class=\"wp-block-button__link wp-element-button\" href=\"https:\/\/drive.google.com\/file\/d\/1NMO3b2XFI4i71XxcyOt1nTBdh_yvsgIk\/view?usp=share_link\" target=\"_blank\" rel=\"noreferrer noopener\">Versi\u00f3n dixital<\/a><\/div>\n<\/div>\n<\/div><\/div>\n\n\n\n<div class=\"wp-block-media-text alignwide is-stacked-on-mobile\" style=\"grid-template-columns:31% auto\"><figure class=\"wp-block-media-text__media\"><a href=\"https:\/\/drive.google.com\/file\/d\/1i0GfL8Jfvngu4sz870Sk7ZEqWHCGSqaL\/view?usp=share_link\" target=\"_blank\" rel=\"noreferrer noopener\"><img loading=\"lazy\" decoding=\"async\" width=\"724\" height=\"1024\" src=\"http:\/\/avantelgbt.com\/wp-content\/uploads\/2022\/12\/1-724x1024.png\" alt=\"\" class=\"wp-image-95 size-full\" srcset=\"https:\/\/avantelgbt.com\/wp-content\/uploads\/2022\/12\/1-724x1024.png 724w, https:\/\/avantelgbt.com\/wp-content\/uploads\/2022\/12\/1-212x300.png 212w, https:\/\/avantelgbt.com\/wp-content\/uploads\/2022\/12\/1-768x1086.png 768w, https:\/\/avantelgbt.com\/wp-content\/uploads\/2022\/12\/1-1086x1536.png 1086w, https:\/\/avantelgbt.com\/wp-content\/uploads\/2022\/12\/1-600x849.png 600w, https:\/\/avantelgbt.com\/wp-content\/uploads\/2022\/12\/1.png 1414w\" sizes=\"auto, (max-width: 724px) 100vw, 724px\" \/><\/a><\/figure><div class=\"wp-block-media-text__content\">\n<h2 class=\"wp-block-heading\">Fanzine 1: Sa\u00fade sexual integral<\/h2>\n\n\n\n<p>Gu\u00eda de sa\u00fade sexual elaborada polo grupo de traballo espec\u00edfico de Avante LGBT+ composto por expertas na cuesti\u00f3n. Aborda a sa\u00fade sexual desde unha perspectiva empoderante e non estigmatizante.<\/p>\n\n\n\n<div class=\"wp-block-buttons is-layout-flex wp-block-buttons-is-layout-flex\">\n<div class=\"wp-block-button\"><a class=\"wp-block-button__link wp-element-button\" href=\"https:\/\/drive.google.com\/file\/d\/1i0GfL8Jfvngu4sz870Sk7ZEqWHCGSqaL\/view?usp=share_link\" target=\"_blank\" rel=\"noreferrer noopener\">Descarga imprimible<\/a><\/div>\n\n\n\n<div class=\"wp-block-button\"><a class=\"wp-block-button__link wp-element-button\" href=\"https:\/\/drive.google.com\/file\/d\/1sxQt2K2_0Aorb2Jn87XD1EY9ZkMhKPs0\/view?usp=share_link\" target=\"_blank\" rel=\"noreferrer noopener\">Versi\u00f3n dixital<\/a><\/div>\n<\/div>\n<\/div><\/div>\n\n\n\n<div class=\"wp-block-media-text alignwide is-stacked-on-mobile\" style=\"grid-template-columns:31% auto\"><figure class=\"wp-block-media-text__media\"><a href=\"https:\/\/drive.google.com\/file\/d\/1i0GfL8Jfvngu4sz870Sk7ZEqWHCGSqaL\/view?usp=share_link\" target=\"_blank\" rel=\"noreferrer noopener\"><img loading=\"lazy\" decoding=\"async\" width=\"724\" height=\"1024\" src=\"https:\/\/avantelgbt.com\/wp-content\/uploads\/2022\/12\/O-Nihilismo-de-Xenero-de-Alyson-Escalante-724x1024.png\" alt=\"\" class=\"wp-image-99 size-full\" srcset=\"https:\/\/avantelgbt.com\/wp-content\/uploads\/2022\/12\/O-Nihilismo-de-Xenero-de-Alyson-Escalante-724x1024.png 724w, https:\/\/avantelgbt.com\/wp-content\/uploads\/2022\/12\/O-Nihilismo-de-Xenero-de-Alyson-Escalante-212x300.png 212w, https:\/\/avantelgbt.com\/wp-content\/uploads\/2022\/12\/O-Nihilismo-de-Xenero-de-Alyson-Escalante-768x1086.png 768w, https:\/\/avantelgbt.com\/wp-content\/uploads\/2022\/12\/O-Nihilismo-de-Xenero-de-Alyson-Escalante-1086x1536.png 1086w, https:\/\/avantelgbt.com\/wp-content\/uploads\/2022\/12\/O-Nihilismo-de-Xenero-de-Alyson-Escalante-600x849.png 600w, https:\/\/avantelgbt.com\/wp-content\/uploads\/2022\/12\/O-Nihilismo-de-Xenero-de-Alyson-Escalante.png 1414w\" sizes=\"auto, (max-width: 724px) 100vw, 724px\" \/><\/a><\/figure><div class=\"wp-block-media-text__content\">\n<h2 class=\"wp-block-heading\">O Nihilismo de X\u00e9nero de Alyson Escalante<\/h2>\n\n\n\n<p>Traduci\u00f3n ao galego de dous textos fundamentais da activista marxista trans estadounidense Alyson Escalante, cun pr\u00f3logo de X\u00e1ndre Garrido no que se contextualizan os textos para sinalar a s\u00faa relevancia para o activismo galego.<\/p>\n\n\n\n<div class=\"wp-block-buttons is-layout-flex wp-block-buttons-is-layout-flex\">\n<div class=\"wp-block-button\"><a class=\"wp-block-button__link wp-element-button\" href=\"https:\/\/drive.google.com\/file\/d\/10rU6VIXdkYoB8_t3E5NZt8mtzZEVbgxM\/view?usp=share_link\" target=\"_blank\" rel=\"noreferrer noopener\">Descarga imprimible<\/a><\/div>\n\n\n\n<div class=\"wp-block-button\"><a class=\"wp-block-button__link wp-element-button\" href=\"https:\/\/drive.google.com\/file\/d\/1_B1YgCADDpHwtfFYgaojVGXvqaxIn4DR\/view?usp=share_link\" target=\"_blank\" rel=\"noreferrer noopener\">Versi\u00f3n dixital<\/a><\/div>\n<\/div>\n<\/div><\/div>\n\n\n\n<div class=\"wp-block-media-text alignwide is-stacked-on-mobile\" style=\"grid-template-columns:31% auto\"><figure class=\"wp-block-media-text__media\"><a href=\"https:\/\/drive.google.com\/file\/d\/1i0GfL8Jfvngu4sz870Sk7ZEqWHCGSqaL\/view?usp=share_link\" target=\"_blank\" rel=\"noreferrer noopener\"><img loading=\"lazy\" decoding=\"async\" width=\"724\" height=\"1024\" src=\"https:\/\/avantelgbt.com\/wp-content\/uploads\/2022\/12\/Fanzine-referentes_Page1-724x1024.png\" alt=\"\" class=\"wp-image-103 size-full\" srcset=\"https:\/\/avantelgbt.com\/wp-content\/uploads\/2022\/12\/Fanzine-referentes_Page1-724x1024.png 724w, https:\/\/avantelgbt.com\/wp-content\/uploads\/2022\/12\/Fanzine-referentes_Page1-212x300.png 212w, https:\/\/avantelgbt.com\/wp-content\/uploads\/2022\/12\/Fanzine-referentes_Page1-768x1086.png 768w, https:\/\/avantelgbt.com\/wp-content\/uploads\/2022\/12\/Fanzine-referentes_Page1-600x849.png 600w, https:\/\/avantelgbt.com\/wp-content\/uploads\/2022\/12\/Fanzine-referentes_Page1.png 992w\" sizes=\"auto, (max-width: 724px) 100vw, 724px\" \/><\/a><\/figure><div class=\"wp-block-media-text__content\">\n<h2 class=\"wp-block-heading\">Galiza en loita: referentes actuais do movemento LGBT+ galego<\/h2>\n\n\n\n<p>Compendio de biograf\u00edas de persoas LGBT+ galegas que son referentes xa sexa polos seus aportes ao movemento pola liberaci\u00f3n do colectivo, ou pola s\u00faa traxectoria salientable noutros eidos, d\u00e1ndonos visibilidade e modelos a seguir para o futuro.<\/p>\n\n\n\n<div class=\"wp-block-buttons is-layout-flex wp-block-buttons-is-layout-flex\">\n<div class=\"wp-block-button\"><a class=\"wp-block-button__link wp-element-button\" href=\"https:\/\/drive.google.com\/file\/d\/1TC53jwQnkllCEiw8xq81w-1W5xNnUuwI\/view?usp=share_link\" target=\"_blank\" rel=\"noreferrer noopener\">Descarga imprimible<\/a><\/div>\n\n\n\n<div class=\"wp-block-button\"><a class=\"wp-block-button__link wp-element-button\" href=\"https:\/\/drive.google.com\/file\/d\/1R1aUm-f5qVgXLBgOsAUXktAeeNkwO4E_\/view?usp=share_link\" target=\"_blank\" rel=\"noreferrer noopener\">Versi\u00f3n dixital<\/a><\/div>\n<\/div>\n<\/div><\/div>\n\n\n\n<div class=\"wp-block-media-text alignwide is-stacked-on-mobile\" style=\"grid-template-columns:31% auto\"><figure class=\"wp-block-media-text__media\"><a href=\"https:\/\/drive.google.com\/file\/d\/1i0GfL8Jfvngu4sz870Sk7ZEqWHCGSqaL\/view?usp=share_link\" target=\"_blank\" rel=\"noreferrer noopener\"><img loading=\"lazy\" decoding=\"async\" width=\"699\" height=\"992\" src=\"https:\/\/avantelgbt.com\/wp-content\/uploads\/2022\/12\/fanzine-23s-bisexualidade_Page1.png\" alt=\"\" class=\"wp-image-97 size-full\" srcset=\"https:\/\/avantelgbt.com\/wp-content\/uploads\/2022\/12\/fanzine-23s-bisexualidade_Page1.png 699w, https:\/\/avantelgbt.com\/wp-content\/uploads\/2022\/12\/fanzine-23s-bisexualidade_Page1-211x300.png 211w, https:\/\/avantelgbt.com\/wp-content\/uploads\/2022\/12\/fanzine-23s-bisexualidade_Page1-600x852.png 600w\" sizes=\"auto, (max-width: 699px) 100vw, 699px\" \/><\/a><\/figure><div class=\"wp-block-media-text__content\">\n<h2 class=\"wp-block-heading\">Comentarios sobre argumentos bif\u00f3bicos<\/h2>\n\n\n\n<p>Fanzine elaborado por un grupo de compa\u00f1eiras bisexuais de Avante, no cal se recolle un compendio de artigos curtos nos que expresaron as s\u00faas vivencias e opini\u00f3ns.<\/p>\n\n\n\n<div class=\"wp-block-buttons is-layout-flex wp-block-buttons-is-layout-flex\">\n<div class=\"wp-block-button\"><a class=\"wp-block-button__link wp-element-button\" href=\"https:\/\/drive.google.com\/file\/d\/1A5M7D6yqTHABN8jAKR6bA6ShBRrZZLy9\/view?usp=share_link\" target=\"_blank\" rel=\"noreferrer noopener\">Descarga imprimible<\/a><\/div>\n\n\n\n<div class=\"wp-block-button\"><a class=\"wp-block-button__link wp-element-button\" href=\"https:\/\/drive.google.com\/file\/d\/1rDnaIpZUHSjdRrEtt-X0uelVzjLLSWMA\/view?usp=share_link\" target=\"_blank\" rel=\"noreferrer noopener\">Versi\u00f3n dixital<\/a><\/div>\n<\/div>\n<\/div><\/div>\n\n\n\n<p><\/p>\n","protected":false},"excerpt":{"rendered":"<p>Desde a s\u00faa fundaci\u00f3n, Avante LGBT+ ten producido varias publicaci\u00f3ns sobre sobre tem\u00e1ticas v\u00ednculadas ao colectivo LGBT+ e outras loitas interseccionais. Aqu\u00ed podes descargalas de forma totalmente gratu\u00edta.<\/p>\n","protected":false},"author":1,"featured_media":0,"parent":0,"menu_order":0,"comment_status":"closed","ping_status":"closed","template":"","meta":{"om_disable_all_campaigns":false,"_monsterinsights_skip_tracking":false,"_monsterinsights_sitenote_active":false,"_monsterinsights_sitenote_note":"","_monsterinsights_sitenote_category":0,"footnotes":""},"class_list":["post-23","page","type-page","status-publish","hentry"],"aioseo_notices":[],"_links":{"self":[{"href":"https:\/\/avantelgbt.com\/index.php\/wp-json\/wp\/v2\/pages\/23","targetHints":{"allow":["GET"]}}],"collection":[{"href":"https:\/\/avantelgbt.com\/index.php\/wp-json\/wp\/v2\/pages"}],"about":[{"href":"https:\/\/avantelgbt.com\/index.php\/wp-json\/wp\/v2\/types\/page"}],"author":[{"embeddable":true,"href":"https:\/\/avantelgbt.com\/index.php\/wp-json\/wp\/v2\/users\/1"}],"replies":[{"embeddable":true,"href":"https:\/\/avantelgbt.com\/index.php\/wp-json\/wp\/v2\/comments?post=23"}],"version-history":[{"count":13,"href":"https:\/\/avantelgbt.com\/index.php\/wp-json\/wp\/v2\/pages\/23\/revisions"}],"predecessor-version":[{"id":470,"href":"https:\/\/avantelgbt.com\/index.php\/wp-json\/wp\/v2\/pages\/23\/revisions\/470"}],"wp:attachment":[{"href":"https:\/\/avantelgbt.com\/index.php\/wp-json\/wp\/v2\/media?parent=23"}],"curies":[{"name":"wp","href":"https:\/\/api.w.org\/{rel}","templated":true}]}}