{"id":25,"date":"2022-12-11T17:21:32","date_gmt":"2022-12-11T17:21:32","guid":{"rendered":"https:\/\/avantelgbt.com\/?page_id=25"},"modified":"2025-02-05T19:05:21","modified_gmt":"2025-02-05T19:05:21","slug":"recursos","status":"publish","type":"page","link":"https:\/\/avantelgbt.com\/index.php\/recursos\/","title":{"rendered":"Recursos"},"content":{"rendered":"\n<p><\/p>\n\n\n\n<div class=\"wp-block-media-text alignwide has-background\" style=\"background:linear-gradient(135deg,rgb(241,65,217) 13%,rgb(248,241,241) 79%,rgb(153,40,188) 100%);grid-template-columns:28% auto\"><figure class=\"wp-block-media-text__media\"><img loading=\"lazy\" decoding=\"async\" width=\"1024\" height=\"1024\" src=\"https:\/\/avantelgbt.com\/wp-content\/uploads\/2025\/02\/5-2-1024x1024.png\" alt=\"\" class=\"wp-image-228 size-full\" srcset=\"https:\/\/avantelgbt.com\/wp-content\/uploads\/2025\/02\/5-2-1024x1024.png 1024w, https:\/\/avantelgbt.com\/wp-content\/uploads\/2025\/02\/5-2-300x300.png 300w, https:\/\/avantelgbt.com\/wp-content\/uploads\/2025\/02\/5-2-150x150.png 150w, https:\/\/avantelgbt.com\/wp-content\/uploads\/2025\/02\/5-2-768x768.png 768w, https:\/\/avantelgbt.com\/wp-content\/uploads\/2025\/02\/5-2-600x600.png 600w, https:\/\/avantelgbt.com\/wp-content\/uploads\/2025\/02\/5-2-100x100.png 100w, https:\/\/avantelgbt.com\/wp-content\/uploads\/2025\/02\/5-2.png 1080w\" sizes=\"auto, (max-width: 1024px) 100vw, 1024px\" \/><\/figure><div class=\"wp-block-media-text__content\">\n<h2 class=\"wp-block-heading has-white-color has-text-color has-link-color wp-elements-68b9a5df9d00416cdb3088990da5528b\">Fanzines<\/h2>\n\n\n\n<p>Material divulgativo de lectura libre sobre tem\u00e1ticas v\u00ednculadas ao colectivo LGBT+ e outras loitas interseccionais. Podes acceder a eles e consultalos na seguinte ligaz\u00f3n.<\/p>\n\n\n\n<div class=\"wp-block-group\"><div class=\"wp-block-group__inner-container is-layout-constrained wp-block-group-is-layout-constrained\">\n<div class=\"wp-block-buttons is-layout-flex wp-block-buttons-is-layout-flex\">\n<div class=\"wp-block-button is-style-outline is-style-outline--1\"><a class=\"wp-block-button__link has-white-color has-text-color has-link-color wp-element-button\" href=\"https:\/\/avantelgbt.com\/index.php\/fanzines\/\">M\u00e1is<\/a><\/div>\n<\/div>\n<\/div><\/div>\n<\/div><\/div>\n\n\n\n<figure class=\"wp-block-image size-large\"><img loading=\"lazy\" decoding=\"async\" width=\"1024\" height=\"49\" src=\"http:\/\/avantelgbt.com\/wp-content\/uploads\/2025\/01\/Copia-de-CABECERA-FACEBOOK-INSTAGRAM-1050-x-350-px-1050-x-50-px-1-1024x49.png\" alt=\"\" class=\"wp-image-217\" srcset=\"https:\/\/avantelgbt.com\/wp-content\/uploads\/2025\/01\/Copia-de-CABECERA-FACEBOOK-INSTAGRAM-1050-x-350-px-1050-x-50-px-1-1024x49.png 1024w, https:\/\/avantelgbt.com\/wp-content\/uploads\/2025\/01\/Copia-de-CABECERA-FACEBOOK-INSTAGRAM-1050-x-350-px-1050-x-50-px-1-300x14.png 300w, https:\/\/avantelgbt.com\/wp-content\/uploads\/2025\/01\/Copia-de-CABECERA-FACEBOOK-INSTAGRAM-1050-x-350-px-1050-x-50-px-1-768x37.png 768w, https:\/\/avantelgbt.com\/wp-content\/uploads\/2025\/01\/Copia-de-CABECERA-FACEBOOK-INSTAGRAM-1050-x-350-px-1050-x-50-px-1-1536x73.png 1536w, https:\/\/avantelgbt.com\/wp-content\/uploads\/2025\/01\/Copia-de-CABECERA-FACEBOOK-INSTAGRAM-1050-x-350-px-1050-x-50-px-1-2048x98.png 2048w, https:\/\/avantelgbt.com\/wp-content\/uploads\/2025\/01\/Copia-de-CABECERA-FACEBOOK-INSTAGRAM-1050-x-350-px-1050-x-50-px-1-600x29.png 600w\" sizes=\"auto, (max-width: 1024px) 100vw, 1024px\" \/><\/figure>\n\n\n\n<div class=\"wp-block-media-text alignwide is-stacked-on-mobile has-background\" style=\"background:linear-gradient(135deg,rgb(176,119,209) 19%,rgb(255,250,250) 77%,rgb(127,111,237) 100%);grid-template-columns:29% auto\"><figure class=\"wp-block-media-text__media\"><img loading=\"lazy\" decoding=\"async\" width=\"1024\" height=\"1024\" src=\"https:\/\/avantelgbt.com\/wp-content\/uploads\/2025\/02\/6-2-1024x1024.png\" alt=\"\" class=\"wp-image-229 size-full\" srcset=\"https:\/\/avantelgbt.com\/wp-content\/uploads\/2025\/02\/6-2-1024x1024.png 1024w, https:\/\/avantelgbt.com\/wp-content\/uploads\/2025\/02\/6-2-300x300.png 300w, https:\/\/avantelgbt.com\/wp-content\/uploads\/2025\/02\/6-2-150x150.png 150w, https:\/\/avantelgbt.com\/wp-content\/uploads\/2025\/02\/6-2-768x768.png 768w, https:\/\/avantelgbt.com\/wp-content\/uploads\/2025\/02\/6-2-600x600.png 600w, https:\/\/avantelgbt.com\/wp-content\/uploads\/2025\/02\/6-2-100x100.png 100w, https:\/\/avantelgbt.com\/wp-content\/uploads\/2025\/02\/6-2.png 1080w\" sizes=\"auto, (max-width: 1024px) 100vw, 1024px\" \/><\/figure><div class=\"wp-block-media-text__content\">\n<h2 class=\"wp-block-heading has-white-color has-text-color has-link-color wp-elements-8a0a2af6aeb350cf7ef36be89704a5bb\">Sa\u00fade sexual<\/h2>\n\n\n\n<p class=\"has-text-color has-link-color wp-elements-b3b1cb3b461b5df34d26323bd45a49cc\" style=\"color:#3f3f3f\">Material informativo e recursos sobre sa\u00fade sexual editados polo noso grupo de traballo. Podes consultar onde facer probas de ITS, informaci\u00f3n sobre vacinas, ou descargar a nosa gu\u00eda de sa\u00fade sexual integral.<\/p>\n\n\n\n<div class=\"wp-block-buttons is-layout-flex wp-block-buttons-is-layout-flex\">\n<div class=\"wp-block-button is-style-outline is-style-outline--2\"><a class=\"wp-block-button__link has-white-color has-text-color has-link-color wp-element-button\" href=\"https:\/\/avantelgbt.com\/index.php\/saude-sexual\/\">M\u00e1is<\/a><\/div>\n<\/div>\n<\/div><\/div>\n\n\n\n<figure class=\"wp-block-image size-large\"><img loading=\"lazy\" decoding=\"async\" width=\"1024\" height=\"49\" src=\"http:\/\/avantelgbt.com\/wp-content\/uploads\/2025\/01\/Copia-de-CABECERA-FACEBOOK-INSTAGRAM-1050-x-350-px-1050-x-50-px-1-1024x49.png\" alt=\"\" class=\"wp-image-217\" srcset=\"https:\/\/avantelgbt.com\/wp-content\/uploads\/2025\/01\/Copia-de-CABECERA-FACEBOOK-INSTAGRAM-1050-x-350-px-1050-x-50-px-1-1024x49.png 1024w, https:\/\/avantelgbt.com\/wp-content\/uploads\/2025\/01\/Copia-de-CABECERA-FACEBOOK-INSTAGRAM-1050-x-350-px-1050-x-50-px-1-300x14.png 300w, https:\/\/avantelgbt.com\/wp-content\/uploads\/2025\/01\/Copia-de-CABECERA-FACEBOOK-INSTAGRAM-1050-x-350-px-1050-x-50-px-1-768x37.png 768w, https:\/\/avantelgbt.com\/wp-content\/uploads\/2025\/01\/Copia-de-CABECERA-FACEBOOK-INSTAGRAM-1050-x-350-px-1050-x-50-px-1-1536x73.png 1536w, https:\/\/avantelgbt.com\/wp-content\/uploads\/2025\/01\/Copia-de-CABECERA-FACEBOOK-INSTAGRAM-1050-x-350-px-1050-x-50-px-1-2048x98.png 2048w, https:\/\/avantelgbt.com\/wp-content\/uploads\/2025\/01\/Copia-de-CABECERA-FACEBOOK-INSTAGRAM-1050-x-350-px-1050-x-50-px-1-600x29.png 600w\" sizes=\"auto, (max-width: 1024px) 100vw, 1024px\" \/><\/figure>\n\n\n\n<div class=\"wp-block-media-text alignwide is-stacked-on-mobile has-background\" style=\"background:linear-gradient(135deg,rgb(165,171,242) 38%,rgb(254,254,254) 79%,rgb(30,30,202) 100%);grid-template-columns:30% auto\"><figure class=\"wp-block-media-text__media\"><img loading=\"lazy\" decoding=\"async\" width=\"1024\" height=\"1024\" src=\"https:\/\/avantelgbt.com\/wp-content\/uploads\/2025\/02\/7-2-1024x1024.png\" alt=\"\" class=\"wp-image-230 size-full\" srcset=\"https:\/\/avantelgbt.com\/wp-content\/uploads\/2025\/02\/7-2-1024x1024.png 1024w, https:\/\/avantelgbt.com\/wp-content\/uploads\/2025\/02\/7-2-300x300.png 300w, https:\/\/avantelgbt.com\/wp-content\/uploads\/2025\/02\/7-2-150x150.png 150w, https:\/\/avantelgbt.com\/wp-content\/uploads\/2025\/02\/7-2-768x768.png 768w, https:\/\/avantelgbt.com\/wp-content\/uploads\/2025\/02\/7-2-600x600.png 600w, https:\/\/avantelgbt.com\/wp-content\/uploads\/2025\/02\/7-2-100x100.png 100w, https:\/\/avantelgbt.com\/wp-content\/uploads\/2025\/02\/7-2.png 1080w\" sizes=\"auto, (max-width: 1024px) 100vw, 1024px\" \/><\/figure><div class=\"wp-block-media-text__content\">\n<h2 class=\"wp-block-heading has-white-color has-text-color has-link-color wp-elements-cf46dd3e040e6cfce72b606c374680f0\">Normativa<\/h2>\n\n\n\n<p>Leis, protocolos e distintos recursos que poden ser de interese para persoas LGBT+, en especial \u00e1 hora de enfrontarse \u00e1 administraci\u00f3n. <\/p>\n\n\n\n<div class=\"wp-block-buttons is-layout-flex wp-block-buttons-is-layout-flex\">\n<div class=\"wp-block-button is-style-outline is-style-outline--3\"><a class=\"wp-block-button__link has-white-color has-text-color has-link-color wp-element-button\" href=\"https:\/\/avantelgbt.com\/?page_id=130\">M\u00e1is<\/a><\/div>\n<\/div>\n<\/div><\/div>\n\n\n\n<p><\/p>\n","protected":false},"excerpt":{"rendered":"","protected":false},"author":1,"featured_media":0,"parent":0,"menu_order":1,"comment_status":"closed","ping_status":"closed","template":"","meta":{"om_disable_all_campaigns":false,"_monsterinsights_skip_tracking":false,"_monsterinsights_sitenote_active":false,"_monsterinsights_sitenote_note":"","_monsterinsights_sitenote_category":0,"footnotes":""},"class_list":["post-25","page","type-page","status-publish","hentry"],"aioseo_notices":[],"_links":{"self":[{"href":"https:\/\/avantelgbt.com\/index.php\/wp-json\/wp\/v2\/pages\/25","targetHints":{"allow":["GET"]}}],"collection":[{"href":"https:\/\/avantelgbt.com\/index.php\/wp-json\/wp\/v2\/pages"}],"about":[{"href":"https:\/\/avantelgbt.com\/index.php\/wp-json\/wp\/v2\/types\/page"}],"author":[{"embeddable":true,"href":"https:\/\/avantelgbt.com\/index.php\/wp-json\/wp\/v2\/users\/1"}],"replies":[{"embeddable":true,"href":"https:\/\/avantelgbt.com\/index.php\/wp-json\/wp\/v2\/comments?post=25"}],"version-history":[{"count":9,"href":"https:\/\/avantelgbt.com\/index.php\/wp-json\/wp\/v2\/pages\/25\/revisions"}],"predecessor-version":[{"id":241,"href":"https:\/\/avantelgbt.com\/index.php\/wp-json\/wp\/v2\/pages\/25\/revisions\/241"}],"wp:attachment":[{"href":"https:\/\/avantelgbt.com\/index.php\/wp-json\/wp\/v2\/media?parent=25"}],"curies":[{"name":"wp","href":"https:\/\/api.w.org\/{rel}","templated":true}]}}